{"id":107,"date":"2023-04-12T11:33:36","date_gmt":"2023-04-12T11:33:36","guid":{"rendered":"https:\/\/radnotihome.com\/?page_id=107"},"modified":"2025-07-17T13:44:16","modified_gmt":"2025-07-17T13:44:16","slug":"garzon","status":"publish","type":"page","link":"https:\/\/radnotihome.com\/en\/garzon\/","title":{"rendered":"Studio apartment"},"content":{"rendered":"<div data-elementor-type=\"wp-page\" data-elementor-id=\"107\" class=\"elementor elementor-107\" data-elementor-post-type=\"page\">\n\t\t\t\t\t\t<section class=\"elementor-section elementor-top-section elementor-element elementor-element-a6d803c elementor-section-boxed elementor-section-height-default elementor-section-height-default\" data-id=\"a6d803c\" data-element_type=\"section\" data-e-type=\"section\" data-settings=\"{&quot;background_background&quot;:&quot;slideshow&quot;,&quot;background_slideshow_gallery&quot;:[{&quot;id&quot;:37,&quot;url&quot;:&quot;https:\\\/\\\/radnotihome.com\\\/wp-content\\\/uploads\\\/2023\\\/04\\\/foto82-scaled.webp&quot;},{&quot;id&quot;:199,&quot;url&quot;:&quot;https:\\\/\\\/radnotihome.com\\\/wp-content\\\/uploads\\\/2023\\\/04\\\/foto35-scaled.jpg&quot;},{&quot;id&quot;:200,&quot;url&quot;:&quot;https:\\\/\\\/radnotihome.com\\\/wp-content\\\/uploads\\\/2023\\\/04\\\/foto39-scaled.jpg&quot;},{&quot;id&quot;:202,&quot;url&quot;:&quot;https:\\\/\\\/radnotihome.com\\\/wp-content\\\/uploads\\\/2023\\\/04\\\/foto40-scaled.jpg&quot;},{&quot;id&quot;:203,&quot;url&quot;:&quot;https:\\\/\\\/radnotihome.com\\\/wp-content\\\/uploads\\\/2023\\\/04\\\/foto45-scaled.jpg&quot;},{&quot;id&quot;:204,&quot;url&quot;:&quot;https:\\\/\\\/radnotihome.com\\\/wp-content\\\/uploads\\\/2023\\\/04\\\/foto48-scaled.jpg&quot;},{&quot;id&quot;:205,&quot;url&quot;:&quot;https:\\\/\\\/radnotihome.com\\\/wp-content\\\/uploads\\\/2023\\\/04\\\/foto50-scaled.jpg&quot;},{&quot;id&quot;:206,&quot;url&quot;:&quot;https:\\\/\\\/radnotihome.com\\\/wp-content\\\/uploads\\\/2023\\\/04\\\/foto51-scaled.jpg&quot;},{&quot;id&quot;:207,&quot;url&quot;:&quot;https:\\\/\\\/radnotihome.com\\\/wp-content\\\/uploads\\\/2023\\\/04\\\/foto53-scaled.jpg&quot;}],&quot;background_slideshow_ken_burns&quot;:&quot;yes&quot;,&quot;background_slideshow_loop&quot;:&quot;yes&quot;,&quot;background_slideshow_slide_duration&quot;:5000,&quot;background_slideshow_slide_transition&quot;:&quot;fade&quot;,&quot;background_slideshow_transition_duration&quot;:500,&quot;background_slideshow_ken_burns_zoom_direction&quot;:&quot;in&quot;}\">\n\t\t\t\t\t\t\t<div class=\"elementor-background-overlay\"><\/div>\n\t\t\t\t\t\t\t<div class=\"elementor-container elementor-column-gap-default\">\n\t\t\t\t\t<div class=\"elementor-column elementor-col-100 elementor-top-column elementor-element elementor-element-4e7d816\" data-id=\"4e7d816\" data-element_type=\"column\" data-e-type=\"column\">\n\t\t\t<div class=\"elementor-widget-wrap elementor-element-populated\">\n\t\t\t\t\t\t<section class=\"elementor-section elementor-inner-section elementor-element elementor-element-1f5f9d9 elementor-reverse-mobile elementor-section-boxed elementor-section-height-default elementor-section-height-default\" data-id=\"1f5f9d9\" data-element_type=\"section\" data-e-type=\"section\">\n\t\t\t\t\t\t<div class=\"elementor-container elementor-column-gap-default\">\n\t\t\t\t\t<div class=\"elementor-column elementor-col-50 elementor-inner-column elementor-element elementor-element-31d9186\" data-id=\"31d9186\" data-element_type=\"column\" data-e-type=\"column\" data-settings=\"{&quot;background_background&quot;:&quot;classic&quot;}\">\n\t\t\t<div class=\"elementor-widget-wrap elementor-element-populated\">\n\t\t\t\t\t\t<div class=\"elementor-element elementor-element-f400695 elementor-widget elementor-widget-shortcode\" data-id=\"f400695\" data-element_type=\"widget\" data-e-type=\"widget\" data-widget_type=\"shortcode.default\">\n\t\t\t\t<div class=\"elementor-widget-container\">\n\t\t\t\t\t\t\t<div class=\"elementor-shortcode\"><!--Booking Engine Start--><script data-cfasync=\"false\" src=\"https:\/\/ibe.sabeeapp.com\/bewidget.php?id=391976b4ad100c9d6e7f54e23f646507\" type=\"text\/javascript\" id=\"widget_391976b4ad100c9d6e7f54e23f646507\"><\/script><!--Booking Engine End--><\/div>\n\t\t\t\t\t\t<\/div>\n\t\t\t\t<\/div>\n\t\t\t\t<div class=\"elementor-element elementor-element-2dddeb3 elementor-widget__width-initial elementor-widget elementor-widget-heading\" data-id=\"2dddeb3\" data-element_type=\"widget\" data-e-type=\"widget\" data-settings=\"{&quot;sticky&quot;:&quot;top&quot;,&quot;sticky_on&quot;:[&quot;desktop&quot;],&quot;sticky_offset&quot;:240,&quot;sticky_effects_offset&quot;:0,&quot;sticky_anchor_link_offset&quot;:0}\" data-widget_type=\"heading.default\">\n\t\t\t\t<div class=\"elementor-widget-container\">\n\t\t\t\t\t<h2 class=\"elementor-heading-title elementor-size-default\"><a href=\"https:\/\/ibe.sabeeapp.com\/properties\/Radnoti-Home-booking\/?p=bSp08cfdb8807e74e99&amp;l=en\">Book a room quickly and easily!<\/a><\/h2>\t\t\t\t<\/div>\n\t\t\t\t<\/div>\n\t\t\t\t\t<\/div>\n\t\t<\/div>\n\t\t\t\t<div class=\"elementor-column elementor-col-50 elementor-inner-column elementor-element elementor-element-87cc208\" data-id=\"87cc208\" data-element_type=\"column\" data-e-type=\"column\" data-settings=\"{&quot;background_background&quot;:&quot;classic&quot;}\">\n\t\t\t<div class=\"elementor-widget-wrap elementor-element-populated\">\n\t\t\t\t\t\t<div class=\"elementor-element elementor-element-9897798 elementor-widget__width-initial elementor-widget elementor-widget-heading\" data-id=\"9897798\" data-element_type=\"widget\" data-e-type=\"widget\" data-widget_type=\"heading.default\">\n\t\t\t\t<div class=\"elementor-widget-container\">\n\t\t\t\t\t<h2 class=\"elementor-heading-title elementor-size-default\">Studio apartment<\/h2>\t\t\t\t<\/div>\n\t\t\t\t<\/div>\n\t\t\t\t<div class=\"elementor-element elementor-element-eed32f6 elementor-arrows-position-inside elementor-pagination-position-outside elementor-widget elementor-widget-image-carousel\" data-id=\"eed32f6\" data-element_type=\"widget\" data-e-type=\"widget\" data-settings=\"{&quot;slides_to_show&quot;:&quot;1&quot;,&quot;navigation&quot;:&quot;both&quot;,&quot;autoplay&quot;:&quot;yes&quot;,&quot;pause_on_hover&quot;:&quot;yes&quot;,&quot;pause_on_interaction&quot;:&quot;yes&quot;,&quot;autoplay_speed&quot;:5000,&quot;infinite&quot;:&quot;yes&quot;,&quot;effect&quot;:&quot;slide&quot;,&quot;speed&quot;:500}\" data-widget_type=\"image-carousel.default\">\n\t\t\t\t<div class=\"elementor-widget-container\">\n\t\t\t\t\t\t\t<div class=\"elementor-image-carousel-wrapper swiper\" role=\"region\" aria-roledescription=\"carousel\" aria-label=\"K\u00e9p k\u00f6rhinta\" dir=\"ltr\">\n\t\t\t<div class=\"elementor-image-carousel swiper-wrapper swiper-image-stretch\" aria-live=\"off\">\n\t\t\t\t\t\t\t\t<div class=\"swiper-slide\" role=\"group\" aria-roledescription=\"slide\" aria-label=\"1 \/ 24\"><figure class=\"swiper-slide-inner\"><img decoding=\"async\" class=\"swiper-slide-image\" src=\"https:\/\/radnotihome.com\/wp-content\/uploads\/elementor\/thumbs\/DSC09531-scaled-q68x0mm2i51rka1dvo4y8mc975hsmnfxbcp4xpq3gw.jpg\" alt=\"DSC09531\" \/><\/figure><\/div><div class=\"swiper-slide\" role=\"group\" aria-roledescription=\"slide\" aria-label=\"2 \/ 24\"><figure class=\"swiper-slide-inner\"><img decoding=\"async\" class=\"swiper-slide-image\" src=\"https:\/\/radnotihome.com\/wp-content\/uploads\/elementor\/thumbs\/DSC09591-scaled-q68x0rb9gb876buk4863335k62ump4ykzzykc3j4ls.jpg\" alt=\"DSC09591\" \/><\/figure><\/div><div class=\"swiper-slide\" role=\"group\" aria-roledescription=\"slide\" aria-label=\"3 \/ 24\"><figure class=\"swiper-slide-inner\"><img decoding=\"async\" class=\"swiper-slide-image\" src=\"https:\/\/radnotihome.com\/wp-content\/uploads\/elementor\/thumbs\/DSC09597-HDR-scaled-q68x0w0gehemsdnqcs77xjyv507grmh8on7zqhc5qo.jpg\" alt=\"DSC09597-HDR\" \/><\/figure><\/div><div class=\"swiper-slide\" role=\"group\" aria-roledescription=\"slide\" aria-label=\"4 \/ 24\"><figure class=\"swiper-slide-inner\"><img decoding=\"async\" class=\"swiper-slide-image\" src=\"https:\/\/radnotihome.com\/wp-content\/uploads\/elementor\/thumbs\/DSC09604-scaled-q68x12lbqbnn1ne6ad1lx0b3apb19i7d1jse3f2ej4.jpg\" alt=\"DSC09604\" \/><\/figure><\/div><div class=\"swiper-slide\" role=\"group\" aria-roledescription=\"slide\" aria-label=\"5 \/ 24\"><figure class=\"swiper-slide-inner\"><img decoding=\"async\" class=\"swiper-slide-image\" src=\"https:\/\/radnotihome.com\/wp-content\/uploads\/elementor\/thumbs\/DSC09605-scaled-q68x16cohnssc38poeo46zcxo8si4amae2ec0iwtu8.jpg\" alt=\"DSC09605\" \/><\/figure><\/div><div class=\"swiper-slide\" role=\"group\" aria-roledescription=\"slide\" aria-label=\"6 \/ 24\"><figure class=\"swiper-slide-inner\"><img decoding=\"async\" class=\"swiper-slide-image\" src=\"https:\/\/radnotihome.com\/wp-content\/uploads\/elementor\/thumbs\/DSC09612-HDR-scaled-q68x1a418zxxmj392gamgyes1s9yz317ql09xmr95c.jpg\" alt=\"DSC09612-HDR\" \/><\/figure><\/div><div class=\"swiper-slide\" role=\"group\" aria-roledescription=\"slide\" aria-label=\"7 \/ 24\"><figure class=\"swiper-slide-inner\"><img decoding=\"async\" class=\"swiper-slide-image\" src=\"https:\/\/radnotihome.com\/wp-content\/uploads\/elementor\/thumbs\/DSC09618-scaled-q68x1fr2e05nk6v25iqdvwzjm3i699nlrcx6taiw40.jpg\" alt=\"DSC09618\" \/><\/figure><\/div><div class=\"swiper-slide\" role=\"group\" aria-roledescription=\"slide\" aria-label=\"8 \/ 24\"><figure class=\"swiper-slide-inner\"><img decoding=\"async\" class=\"swiper-slide-image\" src=\"https:\/\/radnotihome.com\/wp-content\/uploads\/elementor\/thumbs\/DSC09624-scaled-q68x1jif5casumpljkcw5w1dzmzn422j3vj4qedbf4.jpg\" alt=\"DSC09624\" \/><\/figure><\/div><div class=\"swiper-slide\" role=\"group\" aria-roledescription=\"slide\" aria-label=\"9 \/ 24\"><figure class=\"swiper-slide-inner\"><img decoding=\"async\" class=\"swiper-slide-image\" src=\"https:\/\/radnotihome.com\/wp-content\/uploads\/elementor\/thumbs\/DSC09531-1-scaled-q68x1o7m3ih8goirs4e10cuoykch6jl6sisk4s6ck0.jpg\" alt=\"DSC09531\" \/><\/figure><\/div><div class=\"swiper-slide\" role=\"group\" aria-roledescription=\"slide\" aria-label=\"10 \/ 24\"><figure class=\"swiper-slide-inner\"><img decoding=\"async\" class=\"swiper-slide-image\" src=\"https:\/\/radnotihome.com\/wp-content\/uploads\/elementor\/thumbs\/DSC09591-1-scaled-q68x1ryyuumdr4db660jabwjc3ty1c0451ei1w0rv4.jpg\" alt=\"DSC09591\" \/><\/figure><\/div><div class=\"swiper-slide\" role=\"group\" aria-roledescription=\"slide\" aria-label=\"11 \/ 24\"><figure class=\"swiper-slide-inner\"><img decoding=\"async\" class=\"swiper-slide-image\" src=\"https:\/\/radnotihome.com\/wp-content\/uploads\/elementor\/thumbs\/DSC09597-HDR-1-scaled-q68x1wo5t0std66heq1o4spub16s3tirtonxg9tt00.jpg\" alt=\"DSC09597-HDR\" \/><\/figure><\/div><div class=\"swiper-slide\" role=\"group\" aria-roledescription=\"slide\" aria-label=\"12 \/ 24\"><figure class=\"swiper-slide-inner\"><img decoding=\"async\" class=\"swiper-slide-image\" src=\"https:\/\/radnotihome.com\/wp-content\/uploads\/elementor\/thumbs\/DSC09604-1-scaled-q68x22b6y10jatyahshfjralvceze055ugkubxlfyo.jpg\" alt=\"DSC09604\" \/><\/figure><\/div><div class=\"swiper-slide\" role=\"group\" aria-roledescription=\"slide\" aria-label=\"13 \/ 24\"><figure class=\"swiper-slide-inner\"><img decoding=\"async\" class=\"swiper-slide-image\" src=\"https:\/\/radnotihome.com\/wp-content\/uploads\/elementor\/thumbs\/DSC09605-1-scaled-q68x27y831898hq3kux6ypvdfnn6o6rjv8hr7ld2xc.jpg\" alt=\"DSC09605\" \/><\/figure><\/div><div class=\"swiper-slide\" role=\"group\" aria-roledescription=\"slide\" aria-label=\"14 \/ 24\"><figure class=\"swiper-slide-inner\"><img decoding=\"async\" class=\"swiper-slide-image\" src=\"https:\/\/radnotihome.com\/wp-content\/uploads\/elementor\/thumbs\/DSC09612-HDR-1-scaled-q68x2dl981fz65hwnxcydog4zyvdyddxw0eo394pw0.jpg\" alt=\"DSC09612-HDR\" \/><\/figure><\/div><div class=\"swiper-slide\" role=\"group\" aria-roledescription=\"slide\" aria-label=\"15 \/ 24\"><figure class=\"swiper-slide-inner\"><img decoding=\"async\" class=\"swiper-slide-image\" src=\"https:\/\/radnotihome.com\/wp-content\/uploads\/elementor\/thumbs\/DSC09618-1-scaled-q68x2l3yqpq9r16zg0lyxmjtr1ubny7sl1mjxgtki8.jpg\" alt=\"DSC09618\" \/><\/figure><\/div><div class=\"swiper-slide\" role=\"group\" aria-roledescription=\"slide\" aria-label=\"16 \/ 24\"><figure class=\"swiper-slide-inner\"><img decoding=\"async\" class=\"swiper-slide-image\" src=\"https:\/\/radnotihome.com\/wp-content\/uploads\/elementor\/thumbs\/DSC09624-1-scaled-q68x2rou2jza0axfdlgcx2w1wqxw5txwxy6yaejtao.jpg\" alt=\"DSC09624\" \/><\/figure><\/div><div class=\"swiper-slide\" role=\"group\" aria-roledescription=\"slide\" aria-label=\"17 \/ 24\"><figure class=\"swiper-slide-inner\"><img decoding=\"async\" class=\"swiper-slide-image\" src=\"https:\/\/radnotihome.com\/wp-content\/uploads\/elementor\/thumbs\/DSC09531-2-scaled-q68x2xbv7k6zxyp8gnw4c1gth263g0kayq3v62bg9c.jpg\" alt=\"DSC09531\" \/><\/figure><\/div><div class=\"swiper-slide\" role=\"group\" aria-roledescription=\"slide\" aria-label=\"18 \/ 24\"><figure class=\"swiper-slide-inner\"><img decoding=\"async\" class=\"swiper-slide-image\" src=\"https:\/\/radnotihome.com\/wp-content\/uploads\/elementor\/thumbs\/DSC09591-2-scaled-q68x34ukq8haiueb8r54vzki85515le5nrbr0a0avk.jpg\" alt=\"DSC09591\" \/><\/figure><\/div><div class=\"swiper-slide\" role=\"group\" aria-roledescription=\"slide\" aria-label=\"19 \/ 24\"><figure class=\"swiper-slide-inner\"><img decoding=\"async\" class=\"swiper-slide-image\" src=\"https:\/\/radnotihome.com\/wp-content\/uploads\/elementor\/thumbs\/DSC09597-HDR-2-scaled-q68x3ahlv8p0gi64btkway59sgd8fs0joj8nvxrxu8.jpg\" alt=\"DSC09597-HDR\" \/><\/figure><\/div><div class=\"swiper-slide\" role=\"group\" aria-roledescription=\"slide\" aria-label=\"20 \/ 24\"><figure class=\"swiper-slide-inner\"><img decoding=\"async\" class=\"swiper-slide-image\" src=\"https:\/\/radnotihome.com\/wp-content\/uploads\/elementor\/thumbs\/DSC09604-2-scaled-q68x3e8ymku5qy0npv7ekx745zupakfh11ult1md5c.jpg\" alt=\"DSC09604\" \/><\/figure><\/div><div class=\"swiper-slide\" role=\"group\" aria-roledescription=\"slide\" aria-label=\"21 \/ 24\"><figure class=\"swiper-slide-inner\"><img decoding=\"async\" class=\"swiper-slide-image\" src=\"https:\/\/radnotihome.com\/wp-content\/uploads\/elementor\/thumbs\/DSC09605-2-scaled-q68x3iy5kr0lczttyf8jfe0f4x7jd1y4pp417ffea8.jpg\" alt=\"DSC09605\" \/><\/figure><\/div><div class=\"swiper-slide\" role=\"group\" aria-roledescription=\"slide\" aria-label=\"22 \/ 24\"><figure class=\"swiper-slide-inner\"><img decoding=\"async\" class=\"swiper-slide-image\" src=\"https:\/\/radnotihome.com\/wp-content\/uploads\/elementor\/thumbs\/DSC09612-HDR-2-scaled-q68x3scjh3dgl3g6fjat4bn12rx7i0zg2zmw071gk0.jpg\" alt=\"DSC09612-HDR\" \/><\/figure><\/div><div class=\"swiper-slide\" role=\"group\" aria-roledescription=\"slide\" aria-label=\"23 \/ 24\"><figure class=\"swiper-slide-inner\"><img decoding=\"async\" class=\"swiper-slide-image\" src=\"https:\/\/radnotihome.com\/wp-content\/uploads\/elementor\/thumbs\/DSC09618-2-scaled-q68x3x1qf9jw759co3bxysgc1pa1kii3rmwbekuhow.jpg\" alt=\"DSC09618\" \/><\/figure><\/div><div class=\"swiper-slide\" role=\"group\" aria-roledescription=\"slide\" aria-label=\"24 \/ 24\"><figure class=\"swiper-slide-inner\"><img decoding=\"async\" class=\"swiper-slide-image\" src=\"https:\/\/radnotihome.com\/wp-content\/uploads\/elementor\/thumbs\/DSC09624-2-scaled-q68x45ia4rvh3mx2aozl38bhe64chsfossroq2hy4w.jpg\" alt=\"DSC09624\" \/><\/figure><\/div>\t\t\t<\/div>\n\t\t\t\t\t\t\t\t\t\t\t\t<div class=\"elementor-swiper-button elementor-swiper-button-prev\" role=\"button\" tabindex=\"0\">\n\t\t\t\t\t\t<i aria-hidden=\"true\" class=\"eicon-chevron-left\"><\/i>\t\t\t\t\t<\/div>\n\t\t\t\t\t<div class=\"elementor-swiper-button elementor-swiper-button-next\" role=\"button\" tabindex=\"0\">\n\t\t\t\t\t\t<i aria-hidden=\"true\" class=\"eicon-chevron-right\"><\/i>\t\t\t\t\t<\/div>\n\t\t\t\t\n\t\t\t\t\t\t\t\t\t<div class=\"swiper-pagination\"><\/div>\n\t\t\t\t\t\t\t\t\t<\/div>\n\t\t\t\t\t\t<\/div>\n\t\t\t\t<\/div>\n\t\t\t\t<div class=\"elementor-element elementor-element-29e167a elementor-widget elementor-widget-text-editor\" data-id=\"29e167a\" data-element_type=\"widget\" data-e-type=\"widget\" data-widget_type=\"text-editor.default\">\n\t\t\t\t<div class=\"elementor-widget-container\">\n\t\t\t\t\t\t\t\t\t<h3 style=\"text-align: left;\"><span style=\"text-align: justify;\"><b>Number of studio apartments: 3<\/b><\/span><\/h3>\t\t\t\t\t\t\t\t<\/div>\n\t\t\t\t<\/div>\n\t\t\t\t<div class=\"elementor-element elementor-element-70e96dd elementor-widget elementor-widget-toggle\" data-id=\"70e96dd\" data-element_type=\"widget\" data-e-type=\"widget\" data-widget_type=\"toggle.default\">\n\t\t\t\t<div class=\"elementor-widget-container\">\n\t\t\t\t\t\t\t<div class=\"elementor-toggle\">\n\t\t\t\t\t\t\t<div class=\"elementor-toggle-item\">\n\t\t\t\t\t<div id=\"elementor-tab-title-1181\" class=\"elementor-tab-title\" data-tab=\"1\" role=\"button\" aria-controls=\"elementor-tab-content-1181\" aria-expanded=\"false\">\n\t\t\t\t\t\t\t\t\t\t\t\t<span class=\"elementor-toggle-icon elementor-toggle-icon-left\" aria-hidden=\"true\">\n\t\t\t\t\t\t\t\t\t\t\t\t\t\t\t<span class=\"elementor-toggle-icon-closed\"><i class=\"fas fa-check\"><\/i><\/span>\n\t\t\t\t\t\t\t\t<span class=\"elementor-toggle-icon-opened\"><i class=\"elementor-toggle-icon-opened fas fa-check\"><\/i><\/span>\n\t\t\t\t\t\t\t\t\t\t\t\t\t<\/span>\n\t\t\t\t\t\t\t\t\t\t\t\t<a class=\"elementor-toggle-title\" tabindex=\"0\">Accommodation 2<\/a>\n\t\t\t\t\t<\/div>\n\n\t\t\t\t\t<div id=\"elementor-tab-content-1181\" class=\"elementor-tab-content elementor-clearfix\" data-tab=\"1\" role=\"region\" aria-labelledby=\"elementor-tab-title-1181\"><ul><li>Maximum of 2 adults<\/li><\/ul><\/div>\n\t\t\t\t<\/div>\n\t\t\t\t\t\t\t<div class=\"elementor-toggle-item\">\n\t\t\t\t\t<div id=\"elementor-tab-title-1182\" class=\"elementor-tab-title\" data-tab=\"2\" role=\"button\" aria-controls=\"elementor-tab-content-1182\" aria-expanded=\"false\">\n\t\t\t\t\t\t\t\t\t\t\t\t<span class=\"elementor-toggle-icon elementor-toggle-icon-left\" aria-hidden=\"true\">\n\t\t\t\t\t\t\t\t\t\t\t\t\t\t\t<span class=\"elementor-toggle-icon-closed\"><i class=\"fas fa-check\"><\/i><\/span>\n\t\t\t\t\t\t\t\t<span class=\"elementor-toggle-icon-opened\"><i class=\"elementor-toggle-icon-opened fas fa-check\"><\/i><\/span>\n\t\t\t\t\t\t\t\t\t\t\t\t\t<\/span>\n\t\t\t\t\t\t\t\t\t\t\t\t<a class=\"elementor-toggle-title\" tabindex=\"0\">Premium bed<\/a>\n\t\t\t\t\t<\/div>\n\n\t\t\t\t\t<div id=\"elementor-tab-content-1182\" class=\"elementor-tab-content elementor-clearfix\" data-tab=\"2\" role=\"region\" aria-labelledby=\"elementor-tab-title-1182\"><ul><li>\u00a0Professional premium quality spring mattress (protects your spine)<\/li><\/ul><\/div>\n\t\t\t\t<\/div>\n\t\t\t\t\t\t\t<div class=\"elementor-toggle-item\">\n\t\t\t\t\t<div id=\"elementor-tab-title-1183\" class=\"elementor-tab-title\" data-tab=\"3\" role=\"button\" aria-controls=\"elementor-tab-content-1183\" aria-expanded=\"false\">\n\t\t\t\t\t\t\t\t\t\t\t\t<span class=\"elementor-toggle-icon elementor-toggle-icon-left\" aria-hidden=\"true\">\n\t\t\t\t\t\t\t\t\t\t\t\t\t\t\t<span class=\"elementor-toggle-icon-closed\"><i class=\"fas fa-check\"><\/i><\/span>\n\t\t\t\t\t\t\t\t<span class=\"elementor-toggle-icon-opened\"><i class=\"elementor-toggle-icon-opened fas fa-check\"><\/i><\/span>\n\t\t\t\t\t\t\t\t\t\t\t\t\t<\/span>\n\t\t\t\t\t\t\t\t\t\t\t\t<a class=\"elementor-toggle-title\" tabindex=\"0\">Wifi<\/a>\n\t\t\t\t\t<\/div>\n\n\t\t\t\t\t<div id=\"elementor-tab-content-1183\" class=\"elementor-tab-content elementor-clearfix\" data-tab=\"3\" role=\"region\" aria-labelledby=\"elementor-tab-title-1183\"><ul><li>Fast and reliable\u00a0<\/li><\/ul><\/div>\n\t\t\t\t<\/div>\n\t\t\t\t\t\t\t<div class=\"elementor-toggle-item\">\n\t\t\t\t\t<div id=\"elementor-tab-title-1184\" class=\"elementor-tab-title\" data-tab=\"4\" role=\"button\" aria-controls=\"elementor-tab-content-1184\" aria-expanded=\"false\">\n\t\t\t\t\t\t\t\t\t\t\t\t<span class=\"elementor-toggle-icon elementor-toggle-icon-left\" aria-hidden=\"true\">\n\t\t\t\t\t\t\t\t\t\t\t\t\t\t\t<span class=\"elementor-toggle-icon-closed\"><i class=\"fas fa-check\"><\/i><\/span>\n\t\t\t\t\t\t\t\t<span class=\"elementor-toggle-icon-opened\"><i class=\"elementor-toggle-icon-opened fas fa-check\"><\/i><\/span>\n\t\t\t\t\t\t\t\t\t\t\t\t\t<\/span>\n\t\t\t\t\t\t\t\t\t\t\t\t<a class=\"elementor-toggle-title\" tabindex=\"0\">Smart TV + Cable TV<\/a>\n\t\t\t\t\t<\/div>\n\n\t\t\t\t\t<div id=\"elementor-tab-content-1184\" class=\"elementor-tab-content elementor-clearfix\" data-tab=\"4\" role=\"region\" aria-labelledby=\"elementor-tab-title-1184\"><ul><li>Extended cable TV package with many channels<\/li><\/ul><\/div>\n\t\t\t\t<\/div>\n\t\t\t\t\t\t\t<div class=\"elementor-toggle-item\">\n\t\t\t\t\t<div id=\"elementor-tab-title-1185\" class=\"elementor-tab-title\" data-tab=\"5\" role=\"button\" aria-controls=\"elementor-tab-content-1185\" aria-expanded=\"false\">\n\t\t\t\t\t\t\t\t\t\t\t\t<span class=\"elementor-toggle-icon elementor-toggle-icon-left\" aria-hidden=\"true\">\n\t\t\t\t\t\t\t\t\t\t\t\t\t\t\t<span class=\"elementor-toggle-icon-closed\"><i class=\"fas fa-check\"><\/i><\/span>\n\t\t\t\t\t\t\t\t<span class=\"elementor-toggle-icon-opened\"><i class=\"elementor-toggle-icon-opened fas fa-check\"><\/i><\/span>\n\t\t\t\t\t\t\t\t\t\t\t\t\t<\/span>\n\t\t\t\t\t\t\t\t\t\t\t\t<a class=\"elementor-toggle-title\" tabindex=\"0\">Heating and cooling<\/a>\n\t\t\t\t\t<\/div>\n\n\t\t\t\t\t<div id=\"elementor-tab-content-1185\" class=\"elementor-tab-content elementor-clearfix\" data-tab=\"5\" role=\"region\" aria-labelledby=\"elementor-tab-title-1185\"><ul><li>Unique<\/li><\/ul><\/div>\n\t\t\t\t<\/div>\n\t\t\t\t\t\t\t<div class=\"elementor-toggle-item\">\n\t\t\t\t\t<div id=\"elementor-tab-title-1186\" class=\"elementor-tab-title\" data-tab=\"6\" role=\"button\" aria-controls=\"elementor-tab-content-1186\" aria-expanded=\"false\">\n\t\t\t\t\t\t\t\t\t\t\t\t<span class=\"elementor-toggle-icon elementor-toggle-icon-left\" aria-hidden=\"true\">\n\t\t\t\t\t\t\t\t\t\t\t\t\t\t\t<span class=\"elementor-toggle-icon-closed\"><i class=\"fas fa-check\"><\/i><\/span>\n\t\t\t\t\t\t\t\t<span class=\"elementor-toggle-icon-opened\"><i class=\"elementor-toggle-icon-opened fas fa-check\"><\/i><\/span>\n\t\t\t\t\t\t\t\t\t\t\t\t\t<\/span>\n\t\t\t\t\t\t\t\t\t\t\t\t<a class=\"elementor-toggle-title\" tabindex=\"0\">Fully equipped<\/a>\n\t\t\t\t\t<\/div>\n\n\t\t\t\t\t<div id=\"elementor-tab-content-1186\" class=\"elementor-tab-content elementor-clearfix\" data-tab=\"6\" role=\"region\" aria-labelledby=\"elementor-tab-title-1186\"><ul><li class=\"list__item\">Living space<\/li><li class=\"list__item\">Wooden floor<\/li><li class=\"list__item\">Wardrobe cabinets<\/li><li class=\"list__item\">Tea kitchen (fridge, microwave, kettle)<\/li><li class=\"list__item\">Desk<\/li><li class=\"list__item\">Balcony<\/li><li class=\"list__item\">Private bath and toilet<\/li><\/ul><\/div>\n\t\t\t\t<\/div>\n\t\t\t\t\t\t\t<div class=\"elementor-toggle-item\">\n\t\t\t\t\t<div id=\"elementor-tab-title-1187\" class=\"elementor-tab-title\" data-tab=\"7\" role=\"button\" aria-controls=\"elementor-tab-content-1187\" aria-expanded=\"false\">\n\t\t\t\t\t\t\t\t\t\t\t\t<span class=\"elementor-toggle-icon elementor-toggle-icon-left\" aria-hidden=\"true\">\n\t\t\t\t\t\t\t\t\t\t\t\t\t\t\t<span class=\"elementor-toggle-icon-closed\"><i class=\"fas fa-check\"><\/i><\/span>\n\t\t\t\t\t\t\t\t<span class=\"elementor-toggle-icon-opened\"><i class=\"elementor-toggle-icon-opened fas fa-check\"><\/i><\/span>\n\t\t\t\t\t\t\t\t\t\t\t\t\t<\/span>\n\t\t\t\t\t\t\t\t\t\t\t\t<a class=\"elementor-toggle-title\" tabindex=\"0\">Baby bed + feeder, on request<\/a>\n\t\t\t\t\t<\/div>\n\n\t\t\t\t\t<div id=\"elementor-tab-content-1187\" class=\"elementor-tab-content elementor-clearfix\" data-tab=\"7\" role=\"region\" aria-labelledby=\"elementor-tab-title-1187\"><\/div>\n\t\t\t\t<\/div>\n\t\t\t\t\t\t\t\t<\/div>\n\t\t\t\t\t\t<\/div>\n\t\t\t\t<\/div>\n\t\t\t\t\t<\/div>\n\t\t<\/div>\n\t\t\t\t\t<\/div>\n\t\t<\/section>\n\t\t\t\t\t<\/div>\n\t\t<\/div>\n\t\t\t\t\t<\/div>\n\t\t<\/section>\n\t\t\t\t<\/div>","protected":false},"excerpt":{"rendered":"<p>Foglalj szob\u00e1t gyorsan \u00e9s egyszer\u0171en! St\u00fadi\u00f3 apartman St\u00fadi\u00f3 apartman sz\u00e1ma: 3 db F\u00e9r\u0151hely 2 Legfeljebb 2 feln\u0151tt Pr\u00e9mium \u00e1gy \u00a0Professzion\u00e1lis pr\u00e9mium min\u0151s\u00e9g\u0171 rug\u00f3s matrac (v\u00e9di a gerinc\u00e9t) Wifi Gyors \u00e9s megb\u00edzhat\u00f3\u00a0 Okos TV + K\u00e1belt\u00e9v\u00e9 Kib\u0151v\u00edtett k\u00e1belt\u00e9v\u00e9 csomag, sok csatorn\u00e1val F\u0171t\u00e9s \u00e9s h\u0171t\u00e9s Egyedi Teljesen felszerelt Nappali t\u00e9r Fapadl\u00f3 Gardr\u00f3b szekr\u00e9nyek Tea konyha (h\u0171t\u0151, mikr\u00f3, [&hellip;]<\/p>","protected":false},"author":1,"featured_media":0,"parent":0,"menu_order":0,"comment_status":"closed","ping_status":"closed","template":"","meta":{"footnotes":""},"class_list":["post-107","page","type-page","status-publish","hentry"],"_links":{"self":[{"href":"https:\/\/radnotihome.com\/en\/wp-json\/wp\/v2\/pages\/107","targetHints":{"allow":["GET"]}}],"collection":[{"href":"https:\/\/radnotihome.com\/en\/wp-json\/wp\/v2\/pages"}],"about":[{"href":"https:\/\/radnotihome.com\/en\/wp-json\/wp\/v2\/types\/page"}],"author":[{"embeddable":true,"href":"https:\/\/radnotihome.com\/en\/wp-json\/wp\/v2\/users\/1"}],"replies":[{"embeddable":true,"href":"https:\/\/radnotihome.com\/en\/wp-json\/wp\/v2\/comments?post=107"}],"version-history":[{"count":109,"href":"https:\/\/radnotihome.com\/en\/wp-json\/wp\/v2\/pages\/107\/revisions"}],"predecessor-version":[{"id":874,"href":"https:\/\/radnotihome.com\/en\/wp-json\/wp\/v2\/pages\/107\/revisions\/874"}],"wp:attachment":[{"href":"https:\/\/radnotihome.com\/en\/wp-json\/wp\/v2\/media?parent=107"}],"curies":[{"name":"wp","href":"https:\/\/api.w.org\/{rel}","templated":true}]}}