{"id":8,"date":"2023-04-12T10:15:05","date_gmt":"2023-04-12T10:15:05","guid":{"rendered":"https:\/\/radnotihome.com\/?page_id=8"},"modified":"2024-07-05T05:22:14","modified_gmt":"2024-07-05T05:22:14","slug":"radnoti-home","status":"publish","type":"page","link":"https:\/\/radnotihome.com\/en\/","title":{"rendered":"Radn\u00f3ti Home"},"content":{"rendered":"<div data-elementor-type=\"wp-page\" data-elementor-id=\"8\" class=\"elementor elementor-8\" data-elementor-post-type=\"page\">\n\t\t\t\t\t\t<section class=\"elementor-section elementor-top-section elementor-element elementor-element-3126e94 elementor-section-boxed elementor-section-height-default elementor-section-height-default\" data-id=\"3126e94\" data-element_type=\"section\" data-e-type=\"section\" data-settings=\"{&quot;background_background&quot;:&quot;slideshow&quot;,&quot;background_slideshow_gallery&quot;:[{&quot;id&quot;:37,&quot;url&quot;:&quot;https:\\\/\\\/radnotihome.com\\\/wp-content\\\/uploads\\\/2023\\\/04\\\/foto82-scaled.webp&quot;},{&quot;id&quot;:203,&quot;url&quot;:&quot;https:\\\/\\\/radnotihome.com\\\/wp-content\\\/uploads\\\/2023\\\/04\\\/foto45-scaled.jpg&quot;},{&quot;id&quot;:204,&quot;url&quot;:&quot;https:\\\/\\\/radnotihome.com\\\/wp-content\\\/uploads\\\/2023\\\/04\\\/foto48-scaled.jpg&quot;},{&quot;id&quot;:205,&quot;url&quot;:&quot;https:\\\/\\\/radnotihome.com\\\/wp-content\\\/uploads\\\/2023\\\/04\\\/foto50-scaled.jpg&quot;},{&quot;id&quot;:206,&quot;url&quot;:&quot;https:\\\/\\\/radnotihome.com\\\/wp-content\\\/uploads\\\/2023\\\/04\\\/foto51-scaled.jpg&quot;},{&quot;id&quot;:208,&quot;url&quot;:&quot;https:\\\/\\\/radnotihome.com\\\/wp-content\\\/uploads\\\/2023\\\/04\\\/foto2-scaled.jpg&quot;},{&quot;id&quot;:207,&quot;url&quot;:&quot;https:\\\/\\\/radnotihome.com\\\/wp-content\\\/uploads\\\/2023\\\/04\\\/foto53-scaled.jpg&quot;},{&quot;id&quot;:211,&quot;url&quot;:&quot;https:\\\/\\\/radnotihome.com\\\/wp-content\\\/uploads\\\/2023\\\/04\\\/foto11-scaled.jpg&quot;},{&quot;id&quot;:212,&quot;url&quot;:&quot;https:\\\/\\\/radnotihome.com\\\/wp-content\\\/uploads\\\/2023\\\/04\\\/foto12-scaled.jpg&quot;},{&quot;id&quot;:213,&quot;url&quot;:&quot;https:\\\/\\\/radnotihome.com\\\/wp-content\\\/uploads\\\/2023\\\/04\\\/foto18-scaled.jpg&quot;},{&quot;id&quot;:214,&quot;url&quot;:&quot;https:\\\/\\\/radnotihome.com\\\/wp-content\\\/uploads\\\/2023\\\/04\\\/foto21-scaled.jpg&quot;},{&quot;id&quot;:215,&quot;url&quot;:&quot;https:\\\/\\\/radnotihome.com\\\/wp-content\\\/uploads\\\/2023\\\/04\\\/foto22-scaled.jpg&quot;},{&quot;id&quot;:216,&quot;url&quot;:&quot;https:\\\/\\\/radnotihome.com\\\/wp-content\\\/uploads\\\/2023\\\/04\\\/foto25-scaled.jpg&quot;},{&quot;id&quot;:217,&quot;url&quot;:&quot;https:\\\/\\\/radnotihome.com\\\/wp-content\\\/uploads\\\/2023\\\/04\\\/foto27-scaled.jpg&quot;},{&quot;id&quot;:218,&quot;url&quot;:&quot;https:\\\/\\\/radnotihome.com\\\/wp-content\\\/uploads\\\/2023\\\/04\\\/foto55-scaled.jpg&quot;},{&quot;id&quot;:222,&quot;url&quot;:&quot;https:\\\/\\\/radnotihome.com\\\/wp-content\\\/uploads\\\/2023\\\/04\\\/foto56-scaled.jpg&quot;},{&quot;id&quot;:226,&quot;url&quot;:&quot;https:\\\/\\\/radnotihome.com\\\/wp-content\\\/uploads\\\/2023\\\/04\\\/foto60-scaled.jpg&quot;},{&quot;id&quot;:227,&quot;url&quot;:&quot;https:\\\/\\\/radnotihome.com\\\/wp-content\\\/uploads\\\/2023\\\/04\\\/foto64-scaled.jpg&quot;},{&quot;id&quot;:228,&quot;url&quot;:&quot;https:\\\/\\\/radnotihome.com\\\/wp-content\\\/uploads\\\/2023\\\/04\\\/foto69-scaled.jpg&quot;},{&quot;id&quot;:229,&quot;url&quot;:&quot;https:\\\/\\\/radnotihome.com\\\/wp-content\\\/uploads\\\/2023\\\/04\\\/foto72-scaled.jpg&quot;},{&quot;id&quot;:230,&quot;url&quot;:&quot;https:\\\/\\\/radnotihome.com\\\/wp-content\\\/uploads\\\/2023\\\/04\\\/foto75-scaled.jpg&quot;},{&quot;id&quot;:231,&quot;url&quot;:&quot;https:\\\/\\\/radnotihome.com\\\/wp-content\\\/uploads\\\/2023\\\/04\\\/foto78-scaled.jpg&quot;},{&quot;id&quot;:210,&quot;url&quot;:&quot;https:\\\/\\\/radnotihome.com\\\/wp-content\\\/uploads\\\/2023\\\/04\\\/foto8-scaled.jpg&quot;}],&quot;background_slideshow_ken_burns&quot;:&quot;yes&quot;,&quot;background_slideshow_loop&quot;:&quot;yes&quot;,&quot;background_slideshow_slide_duration&quot;:5000,&quot;background_slideshow_slide_transition&quot;:&quot;fade&quot;,&quot;background_slideshow_transition_duration&quot;:500,&quot;background_slideshow_ken_burns_zoom_direction&quot;:&quot;in&quot;}\">\n\t\t\t\t\t\t\t<div class=\"elementor-background-overlay\"><\/div>\n\t\t\t\t\t\t\t<div class=\"elementor-container elementor-column-gap-default\">\n\t\t\t\t\t<div class=\"elementor-column elementor-col-100 elementor-top-column elementor-element elementor-element-1764218\" data-id=\"1764218\" data-element_type=\"column\" data-e-type=\"column\">\n\t\t\t<div class=\"elementor-widget-wrap elementor-element-populated\">\n\t\t\t\t\t\t<section class=\"elementor-section elementor-inner-section elementor-element elementor-element-fa3dc1e elementor-reverse-mobile elementor-section-boxed elementor-section-height-default elementor-section-height-default\" data-id=\"fa3dc1e\" data-element_type=\"section\" data-e-type=\"section\">\n\t\t\t\t\t\t<div class=\"elementor-container elementor-column-gap-default\">\n\t\t\t\t\t<div class=\"elementor-column elementor-col-50 elementor-inner-column elementor-element elementor-element-1e8e764\" data-id=\"1e8e764\" data-element_type=\"column\" data-e-type=\"column\" data-settings=\"{&quot;background_background&quot;:&quot;classic&quot;}\">\n\t\t\t<div class=\"elementor-widget-wrap elementor-element-populated\">\n\t\t\t\t\t\t<div class=\"elementor-element elementor-element-6789f9d elementor-widget elementor-widget-shortcode\" data-id=\"6789f9d\" data-element_type=\"widget\" data-e-type=\"widget\" data-widget_type=\"shortcode.default\">\n\t\t\t\t<div class=\"elementor-widget-container\">\n\t\t\t\t\t\t\t<div class=\"elementor-shortcode\"><!--Booking Engine Start--><script data-cfasync=\"false\" src=\"https:\/\/ibe.sabeeapp.com\/bewidget.php?id=391976b4ad100c9d6e7f54e23f646507\" type=\"text\/javascript\" id=\"widget_391976b4ad100c9d6e7f54e23f646507\"><\/script><!--Booking Engine End--><\/div>\n\t\t\t\t\t\t<\/div>\n\t\t\t\t<\/div>\n\t\t\t\t<div class=\"elementor-element elementor-element-9d35c91 elementor-widget__width-initial elementor-widget elementor-widget-heading\" data-id=\"9d35c91\" data-element_type=\"widget\" data-e-type=\"widget\" data-settings=\"{&quot;sticky&quot;:&quot;top&quot;,&quot;sticky_on&quot;:[&quot;desktop&quot;],&quot;sticky_offset&quot;:240,&quot;sticky_effects_offset&quot;:0,&quot;sticky_anchor_link_offset&quot;:0}\" data-widget_type=\"heading.default\">\n\t\t\t\t<div class=\"elementor-widget-container\">\n\t\t\t\t\t<h2 class=\"elementor-heading-title elementor-size-default\"><a href=\"https:\/\/ibe.sabeeapp.com\/properties\/Radnoti-Home-booking\/?p=bSp08cfdb8807e74e99&amp;l=en\">Book a room quickly and easily!<\/a><\/h2>\t\t\t\t<\/div>\n\t\t\t\t<\/div>\n\t\t\t\t\t<\/div>\n\t\t<\/div>\n\t\t\t\t<div class=\"elementor-column elementor-col-50 elementor-inner-column elementor-element elementor-element-d5e6a52\" data-id=\"d5e6a52\" data-element_type=\"column\" data-e-type=\"column\" data-settings=\"{&quot;background_background&quot;:&quot;classic&quot;}\">\n\t\t\t<div class=\"elementor-widget-wrap elementor-element-populated\">\n\t\t\t\t\t\t<div class=\"elementor-element elementor-element-61df96b elementor-widget__width-initial elementor-widget elementor-widget-heading\" data-id=\"61df96b\" data-element_type=\"widget\" data-e-type=\"widget\" data-widget_type=\"heading.default\">\n\t\t\t\t<div class=\"elementor-widget-container\">\n\t\t\t\t\t<h2 class=\"elementor-heading-title elementor-size-default\">Welcome!<\/h2>\t\t\t\t<\/div>\n\t\t\t\t<\/div>\n\t\t\t\t<div class=\"elementor-element elementor-element-9481066 elementor-arrows-position-inside elementor-pagination-position-outside elementor-widget elementor-widget-image-carousel\" data-id=\"9481066\" data-element_type=\"widget\" data-e-type=\"widget\" data-settings=\"{&quot;slides_to_show&quot;:&quot;1&quot;,&quot;navigation&quot;:&quot;both&quot;,&quot;autoplay&quot;:&quot;yes&quot;,&quot;pause_on_hover&quot;:&quot;yes&quot;,&quot;pause_on_interaction&quot;:&quot;yes&quot;,&quot;autoplay_speed&quot;:5000,&quot;infinite&quot;:&quot;yes&quot;,&quot;effect&quot;:&quot;slide&quot;,&quot;speed&quot;:500}\" data-widget_type=\"image-carousel.default\">\n\t\t\t\t<div class=\"elementor-widget-container\">\n\t\t\t\t\t\t\t<div class=\"elementor-image-carousel-wrapper swiper\" role=\"region\" aria-roledescription=\"carousel\" aria-label=\"K\u00e9p k\u00f6rhinta\" dir=\"ltr\">\n\t\t\t<div class=\"elementor-image-carousel swiper-wrapper swiper-image-stretch\" aria-live=\"off\">\n\t\t\t\t\t\t\t\t<div class=\"swiper-slide\" role=\"group\" aria-roledescription=\"slide\" aria-label=\"1 \/ 9\"><figure class=\"swiper-slide-inner\"><img decoding=\"async\" class=\"swiper-slide-image\" src=\"https:\/\/radnotihome.com\/wp-content\/uploads\/2023\/06\/Radnoti-home-scaled.webp\" alt=\"Radnoti-home\" \/><\/figure><\/div><div class=\"swiper-slide\" role=\"group\" aria-roledescription=\"slide\" aria-label=\"2 \/ 9\"><figure class=\"swiper-slide-inner\"><img decoding=\"async\" class=\"swiper-slide-image\" src=\"https:\/\/radnotihome.com\/wp-content\/uploads\/2023\/05\/DSC09579-scaled.jpg\" alt=\"DSC09579\" \/><\/figure><\/div><div class=\"swiper-slide\" role=\"group\" aria-roledescription=\"slide\" aria-label=\"3 \/ 9\"><figure class=\"swiper-slide-inner\"><img decoding=\"async\" class=\"swiper-slide-image\" src=\"https:\/\/radnotihome.com\/wp-content\/uploads\/2023\/05\/DSC09551-scaled.jpg\" alt=\"DSC09551\" \/><\/figure><\/div><div class=\"swiper-slide\" role=\"group\" aria-roledescription=\"slide\" aria-label=\"4 \/ 9\"><figure class=\"swiper-slide-inner\"><img decoding=\"async\" class=\"swiper-slide-image\" src=\"https:\/\/radnotihome.com\/wp-content\/uploads\/2023\/05\/foto75-scaled.jpg\" alt=\"foto75\" \/><\/figure><\/div><div class=\"swiper-slide\" role=\"group\" aria-roledescription=\"slide\" aria-label=\"5 \/ 9\"><figure class=\"swiper-slide-inner\"><img decoding=\"async\" class=\"swiper-slide-image\" src=\"https:\/\/radnotihome.com\/wp-content\/uploads\/2023\/05\/DSC09332-scaled.jpg\" alt=\"DSC09332\" \/><\/figure><\/div><div class=\"swiper-slide\" role=\"group\" aria-roledescription=\"slide\" aria-label=\"6 \/ 9\"><figure class=\"swiper-slide-inner\"><img decoding=\"async\" class=\"swiper-slide-image\" src=\"https:\/\/radnotihome.com\/wp-content\/uploads\/2023\/05\/DSC09503-jav-1-scaled.jpg\" alt=\"DSC09503-jav\" \/><\/figure><\/div><div class=\"swiper-slide\" role=\"group\" aria-roledescription=\"slide\" aria-label=\"7 \/ 9\"><figure class=\"swiper-slide-inner\"><img decoding=\"async\" class=\"swiper-slide-image\" src=\"https:\/\/radnotihome.com\/wp-content\/uploads\/2023\/05\/foto2-scaled.jpg\" alt=\"foto2\" \/><\/figure><\/div><div class=\"swiper-slide\" role=\"group\" aria-roledescription=\"slide\" aria-label=\"8 \/ 9\"><figure class=\"swiper-slide-inner\"><img decoding=\"async\" class=\"swiper-slide-image\" src=\"https:\/\/radnotihome.com\/wp-content\/uploads\/2023\/05\/DSC09624-2-scaled.jpg\" alt=\"DSC09624\" \/><\/figure><\/div><div class=\"swiper-slide\" role=\"group\" aria-roledescription=\"slide\" aria-label=\"9 \/ 9\"><figure class=\"swiper-slide-inner\"><img decoding=\"async\" class=\"swiper-slide-image\" src=\"https:\/\/radnotihome.com\/wp-content\/uploads\/2023\/05\/DSC09489-HDR-scaled.jpg\" alt=\"DSC09489-HDR\" \/><\/figure><\/div>\t\t\t<\/div>\n\t\t\t\t\t\t\t\t\t\t\t\t<div class=\"elementor-swiper-button elementor-swiper-button-prev\" role=\"button\" tabindex=\"0\">\n\t\t\t\t\t\t<i aria-hidden=\"true\" class=\"eicon-chevron-left\"><\/i>\t\t\t\t\t<\/div>\n\t\t\t\t\t<div class=\"elementor-swiper-button elementor-swiper-button-next\" role=\"button\" tabindex=\"0\">\n\t\t\t\t\t\t<i aria-hidden=\"true\" class=\"eicon-chevron-right\"><\/i>\t\t\t\t\t<\/div>\n\t\t\t\t\n\t\t\t\t\t\t\t\t\t<div class=\"swiper-pagination\"><\/div>\n\t\t\t\t\t\t\t\t\t<\/div>\n\t\t\t\t\t\t<\/div>\n\t\t\t\t<\/div>\n\t\t\t\t<div class=\"elementor-element elementor-element-a52706c elementor-widget elementor-widget-text-editor\" data-id=\"a52706c\" data-element_type=\"widget\" data-e-type=\"widget\" data-widget_type=\"text-editor.default\">\n\t\t\t\t<div class=\"elementor-widget-container\">\n\t\t\t\t\t\t\t\t\t<h2 data-sourcepos=\"1:1-1:54\">A Radn\u00f3ti Home: K\u00e9nyelmes sz\u00e1ll\u00e1s Veszpr\u00e9m sz\u00edv\u00e9ben<\/h2><p data-sourcepos=\"3:1-3:205\"><strong>Fedezze fel Veszpr\u00e9met a Radn\u00f3ti Home-b\u00f3l!<\/strong> Sz\u00e1ll\u00e1sunk a belv\u00e1ros k\u00f6zel\u00e9ben tal\u00e1lhat\u00f3, a pezsg\u0151 Gy\u00e1rkert szomsz\u00e9ds\u00e1g\u00e1ban, ahonnan rengeteg programot, koncertet \u00e9s kultur\u00e1lis \u00e9lm\u00e9nyt \u00e9rhet el gyalogosan.<\/p><p data-sourcepos=\"5:1-5:41\"><strong>H\u00e1rom apartmant\u00edpus k\u00f6z\u00fcl v\u00e1laszthat:<\/strong><\/p><ul data-sourcepos=\"7:1-10:0\"><li data-sourcepos=\"7:1-7:81\"><strong>Garzonlak\u00e1sok (25 m\u00b2):<\/strong>\u00a0Ide\u00e1lisak p\u00e1roknak, k\u00e9nyelmes pihen\u00e9st biztos\u00edtanak.<\/li><li data-sourcepos=\"8:1-8:96\"><strong>1 h\u00e1l\u00f3szob\u00e1s + nappalis apartmanok (50 m\u00b2):<\/strong>\u00a02-4 f\u0151 k\u00e9nyelmes elhelyez\u00e9s\u00e9t teszik lehet\u0151v\u00e9.<\/li><li data-sourcepos=\"9:1-10:0\"><strong>2 h\u00e1l\u00f3szob\u00e1s + nappalis apartmanok (70 m\u00b2):<\/strong>\u00a0T\u00e1gasak, ak\u00e1r 4-6 f\u0151 sz\u00e1m\u00e1ra is t\u00f6k\u00e9letesek.<\/li><\/ul><p data-sourcepos=\"11:1-11:55\"><strong>Minden apartmanunkhoz t\u00e1gas erk\u00e9ly\/terasz tartozik.<\/strong><\/p><p data-sourcepos=\"13:1-13:29\"><strong>A lak\u00e1sok felszerelts\u00e9ge:<\/strong><\/p><ul data-sourcepos=\"15:1-19:0\"><li data-sourcepos=\"15:1-15:17\">Modern b\u00fatorzat<\/li><li data-sourcepos=\"16:1-16:23\">J\u00f3l felszerelt konyha<\/li><li data-sourcepos=\"17:1-17:7\">F\u0171t\u00e9s<\/li><li data-sourcepos=\"18:1-19:0\">L\u00e9gkondicion\u00e1l\u00f3<\/li><\/ul><p data-sourcepos=\"20:1-20:92\"><strong>Z\u00e1rt parkol\u00f3<\/strong> biztos\u00edtja g\u00e9pkocsija biztons\u00e1gos t\u00e1rol\u00e1s\u00e1t (apartmanonk\u00e9nt 1 parkol\u00f3hely).<\/p><p data-sourcepos=\"22:1-22:51\"><strong>Doh\u00e1nyz\u00e1sra kijel\u00f6lt hely<\/strong> az udvaron tal\u00e1lhat\u00f3.<\/p><p data-sourcepos=\"24:1-24:133\">A Radn\u00f3ti Home ide\u00e1lis v\u00e1laszt\u00e1s p\u00e1roknak, csal\u00e1doknak, bar\u00e1ti t\u00e1rsas\u00e1goknak, akik k\u00e9nyelmes \u00e9s modern sz\u00e1ll\u00e1st keresnek Veszpr\u00e9mben.<\/p><p data-sourcepos=\"26:1-26:55\"><strong>Foglaljon n\u00e1lunk, \u00e9s fedezze fel Veszpr\u00e9m var\u00e1zs\u00e1t!<\/strong><\/p><p>Ak\u00e1r a ny\u00e1ri fesztiv\u00e1lok hangulat\u00e1t keresed, ak\u00e1r egy fergeteges est\u00e9t t\u00f6lten\u00e9l<br \/>el a bar\u00e1taiddal, Veszpr\u00e9mben biztosan tal\u00e1lsz kedvedre val\u00f3 programot!<\/p><p><a href=\"https:\/\/www.veszpreminfo.hu\/\">https:\/\/www.veszpreminfo.hu<\/a><\/p><p>Eur\u00f3pa Kultur\u00e1lis F\u0151v\u00e1rosa volt Veszpr\u00e9m 2023-ban, \u00e9s ebben az \u00e9vben is folytat\u00f3dnak a programok az oldalon tal\u00e1lhat\u00f3 inform\u00e1ci\u00f3k szerint. Koncertek, ki\u00e1ll\u00edt\u00e1sok, sz\u00ednh\u00e1zi el\u0151ad\u00e1sok \u00e9s sok m\u00e1s kultur\u00e1lis esem\u00e9nyek.\u00a0<br \/>B\u0151vebben <a href=\"https:\/\/www.veszpreminfo.hu\/hu\/havi-programok\">more information can be found here&gt;&gt;<\/a><\/p><h3 style=\"text-align: left;\"><strong>Veszpr\u00e9m attractions and history<\/strong><\/h3><p>Veszpr\u00e9m is full of attractions and historical landmarks!<br \/>The Veszpr\u00e9m castle was built on one of the heights of the settlement, V\u00e1rhegy, in the 10th-11th centuries. century. The Castle Quarter consists of the Castle, \u00d3v\u00e1ros t\u00e9r and V\u00e1r utca connecting the two, which widens into Szent\u00e1roms\u00e1g t\u00e9r at the northern end. <br \/>\u00d3v\u00e1ros t\u00e9r is also a very beautiful and atmospheric place. \u00d3v\u00e1ros t\u00e9r is one of the landmarks of downtown Veszpr\u00e9m, which is located on a small hill at the southern end of the castle hill. \u00d3v\u00e1ros t\u00e9r got its current name after the regime change, it was originally called Piact\u00e9r, as the city's largest market operated here until the first half of the 20th century. The square is dominated by the Town Hall building.<br \/>The Szent Istv\u00e1n valley bridge in Veszpr\u00e9m (colloquially: Viadukt) is Hungary's first and one of the largest and most beautiful arched valley bridges, the symbol of the city. Two arches of the viaduct built in 1938 connect the Jerusalem Hill with the Cemetery Hill. The Viadukt Restaurant is located next to the viaduct in Veszpr\u00e9m, next to the main road leading to P\u00e1pa. <br \/>The Fire Tower is an old fire tower with a beautiful view of the city from the top. Veszpr\u00e9m Castle houses the Baroque building of the Archbishop's Palace, which was built by the Archbishop of Veszpr\u00e9m in 1765. In the castle quarter, there is also the House of Arts, where exhibitions and concerts are organized.\u00a0<br \/>St. Michael's Cathedral in Veszpr\u00e9m is the main church of the Archdiocese of Veszpr\u00e9m. The original church was built at the time of the founding of the state, and it is certainly the oldest cathedral in Hungary. It reached its present form by 1910. The two towers of the neo-Romanesque building located in the castle, more precisely on the north side of Szent\u00e1roms\u00e1g square, can be seen from many points of the city.<\/p><p>The sights of the medieval castle quarter, the high-quality wildlife park and numerous concerts and festivals await visitors to Veszpr\u00e9m. In the city center there are cozy cafes, restaurants and night clubs.<\/p><p>It is also home to one of the most famous zoos in the country, Kittenberger K\u00e1lm\u00e1n N\u00f6v\u00e9ny- \u00e9s Vadaspark, as well as the N\u00e9pmes\u00e9k playground located in the Valley of the Monasteries and Gardens, which offers great family programs.<\/p><h3><strong>Gastronomy and restaurants<\/strong><\/h3><p>Veszpr\u00e9m is a wonderful city, where many restaurants and gastronomic programs await visitors. If you like delicious food and drinks, you will definitely find something to your liking here. Some examples of the restaurants: Fricska B\u00e1r S\u00f6rkert Bistro, Don Vito Olasz \u00c9tterem Pizzeria, Erdei Vend\u00e9gl\u0151 and Panzi\u00f3. And if you want cultural experiences, you can take part in the programs of the Food Truck Show Veszpr\u00e9m, the Balaton Wine &amp; Gourmet Festival or Night of the Caf\u00e9s. The gastronomy of Veszpr\u00e9m is truly varied and mouth-watering!<\/p><p>Apartmanjaink ide\u00e1lis helysz\u00ednek szabadid\u0151s turist\u00e1k \u00e9s \u00fczleti utaz\u00f3k r\u00e9sz\u00e9re is egyar\u00e1nt.<\/p><h3><strong>Veszpr\u00e9m Zoo and its attractions<\/strong><\/h3><p>The Veszpr\u00e9m Zoo was the third zoo in Hungary after the Capital Zoo and Botanical Garden and the Debrecen Zoo. The game park was opened on August 1, 1958 under the name K\u00e1lm\u00e1n Kittenberger Pioneer Plant and Game Park.<br \/>In the zoo, you can see many interesting and special animals, such as the white lion, the kangaroo or the red panda. The zoo also organizes many programs, such as feeding the animals or meeting the animals. You can also see life-sized dinosaurs in the Dinosaur Park located in the zoo.<\/p>\t\t\t\t\t\t\t\t<\/div>\n\t\t\t\t<\/div>\n\t\t\t\t\t<\/div>\n\t\t<\/div>\n\t\t\t\t\t<\/div>\n\t\t<\/section>\n\t\t\t\t\t<\/div>\n\t\t<\/div>\n\t\t\t\t\t<\/div>\n\t\t<\/section>\n\t\t\t\t<\/div>","protected":false},"excerpt":{"rendered":"<p>Foglalj szob\u00e1t gyorsan \u00e9s egyszer\u0171en! \u00dcdv\u00f6z\u00f6lj\u00fck! A Radn\u00f3ti Home: K\u00e9nyelmes sz\u00e1ll\u00e1s Veszpr\u00e9m sz\u00edv\u00e9ben Fedezze fel Veszpr\u00e9met a Radn\u00f3ti Home-b\u00f3l! Sz\u00e1ll\u00e1sunk a belv\u00e1ros k\u00f6zel\u00e9ben tal\u00e1lhat\u00f3, a pezsg\u0151 Gy\u00e1rkert szomsz\u00e9ds\u00e1g\u00e1ban, ahonnan rengeteg programot, koncertet \u00e9s kultur\u00e1lis \u00e9lm\u00e9nyt \u00e9rhet el gyalogosan. H\u00e1rom apartmant\u00edpus k\u00f6z\u00fcl v\u00e1laszthat: Garzonlak\u00e1sok (25 m\u00b2):\u00a0Ide\u00e1lisak p\u00e1roknak, k\u00e9nyelmes pihen\u00e9st biztos\u00edtanak. 1 h\u00e1l\u00f3szob\u00e1s + nappalis apartmanok (50 [&hellip;]<\/p>","protected":false},"author":1,"featured_media":0,"parent":0,"menu_order":0,"comment_status":"closed","ping_status":"closed","template":"","meta":{"footnotes":""},"class_list":["post-8","page","type-page","status-publish","hentry"],"_links":{"self":[{"href":"https:\/\/radnotihome.com\/en\/wp-json\/wp\/v2\/pages\/8","targetHints":{"allow":["GET"]}}],"collection":[{"href":"https:\/\/radnotihome.com\/en\/wp-json\/wp\/v2\/pages"}],"about":[{"href":"https:\/\/radnotihome.com\/en\/wp-json\/wp\/v2\/types\/page"}],"author":[{"embeddable":true,"href":"https:\/\/radnotihome.com\/en\/wp-json\/wp\/v2\/users\/1"}],"replies":[{"embeddable":true,"href":"https:\/\/radnotihome.com\/en\/wp-json\/wp\/v2\/comments?post=8"}],"version-history":[{"count":150,"href":"https:\/\/radnotihome.com\/en\/wp-json\/wp\/v2\/pages\/8\/revisions"}],"predecessor-version":[{"id":827,"href":"https:\/\/radnotihome.com\/en\/wp-json\/wp\/v2\/pages\/8\/revisions\/827"}],"wp:attachment":[{"href":"https:\/\/radnotihome.com\/en\/wp-json\/wp\/v2\/media?parent=8"}],"curies":[{"name":"wp","href":"https:\/\/api.w.org\/{rel}","templated":true}]}}